{"id":16315,"date":"2017-10-18T10:29:20","date_gmt":"2017-10-18T10:29:20","guid":{"rendered":"https:\/\/backup.mittspeciellabarn.se\/om-oss\/"},"modified":"2023-08-26T05:00:00","modified_gmt":"2023-08-26T05:00:00","slug":"om-oss","status":"publish","type":"page","link":"https:\/\/backup.mittspeciellabarn.se\/sv\/om-oss\/","title":{"rendered":"Om oss"},"content":{"rendered":"<section class=\"wpb-content-wrapper\">[vc_row full_width=&#8221;stretch_row&#8221; css=&#8221;.vc_custom_1689469278554{margin-top: -70px !important;background-color: #ffffff !important;}&#8221;][vc_column css=&#8221;.vc_custom_1508502007650{padding-top: 0px !important;}&#8221;][gt3_spacing height=&#8221;63px&#8221;][vc_column_text css=&#8221;.vc_custom_1689467356954{margin-bottom: 0px !important;}&#8221;]\n<h2 style=\"text-align: center;\">Vilka vi \u00e4r<\/h2>\n[\/vc_column_text][gt3_spacing height=&#8221;5px&#8221;][gt3_custom_text text_color=&#8221;&#8221; font_size=&#8221;18&#8243;]\n<p style=\"text-align: center;\"><span style=\"font-weight: 400;\">Mitt Speciella Barn is a non-profit association association based in Helsingborg, composed of passionate individuals dedicated to supporting individuals with special needs and their families. Our founder, Mohamed Askalani, was driven by personal experience as a father of an autistic child to establish this association. We are proud to be associate members of DHS Funktionshinderr\u00f6relsen in Helsingborg, strengthening our network and the services we can provide. This website is a project created in cooperation with Visionsfonden I Helsingborg. For more information about this collaboration, please refer to this link: [<a href=\"https:\/\/helsingborg.se\/kommun-och-politik\/helsingborg-2035\/visionsfonden\/tidigare-projekt\/projekt-fran-2022\/\">Visionsfonden Helsingborg<\/a>]. <\/span><\/p>\n<p style=\"text-align: center;\"><span style=\"font-weight: 400;\">Importantly, we maintain a non-political and non-religious stance, ensuring that our sole focus is on the individuals we serve and their needs.<\/span><\/p>\n[\/gt3_custom_text][gt3_spacing height=&#8221;55px&#8221;][vc_row_inner disable_element=&#8221;yes&#8221; el_class=&#8221;gt3_iconboxes_line&#8221;][vc_column_inner width=&#8221;1\/4&#8243; css=&#8221;.vc_custom_1508743068141{padding-right: 30px !important;padding-left: 30px !important;}&#8221;][gt3_icon_box icon_type=&#8221;image&#8221; thumbnail=&#8221;15170&#8243; icon_position=&#8221;top&#8221; css_animation=&#8221;bottom-to-top&#8221; icon_size=&#8221;large&#8221; title_tag=&#8221;h6&#8243; iconbox_title_size=&#8221;20&#8243; iconbox_content_size=&#8221;16&#8243; title_color=&#8221;#334e6f&#8221; text_color=&#8221;#8995a2&#8243; link_color=&#8221;#5ec0d5&#8243; link_hover_color=&#8221;#000000&#8243; new_tab=&#8221;&#8221; icon_circle=&#8221;&#8221; icon_add_number=&#8221;true&#8221; heading=&#8221;What we need&#8221; text=&#8221;Vi v\u00e4lkomnar samarbeten med individer, organisationer, f\u00f6retag och volont\u00e4rer som st\u00e5r bakom v\u00e5rt uppdrag. Ekonomiska bidrag \u00e4r ocks\u00e5 viktiga f\u00f6r att hj\u00e4lpa oss att ut\u00f6ka v\u00e5ra tj\u00e4nster och utveckla v\u00e4rdefulla resurser. St\u00f6d fr\u00e5n f\u00f6reningar och familjer \u00e4r avg\u00f6rande n\u00e4r vi str\u00e4var efter att skapa ett inkluderande samh\u00e4lle.&#8221; icon_number=&#8221;1&#8243;][gt3_spacing height=&#8221;65px&#8221;][\/vc_column_inner][vc_column_inner width=&#8221;1\/4&#8243; css=&#8221;.vc_custom_1508743063229{padding-right: 30px !important;padding-left: 30px !important;}&#8221;][gt3_icon_box icon_type=&#8221;image&#8221; thumbnail=&#8221;15171&#8243; icon_position=&#8221;top&#8221; css_animation=&#8221;bottom-to-top&#8221; icon_size=&#8221;large&#8221; title_tag=&#8221;h6&#8243; iconbox_title_size=&#8221;20&#8243; iconbox_content_size=&#8221;16&#8243; title_color=&#8221;#334e6f&#8221; text_color=&#8221;#8995a2&#8243; link_color=&#8221;#5ec0d5&#8243; link_hover_color=&#8221;#000000&#8243; new_tab=&#8221;&#8221; icon_circle=&#8221;&#8221; icon_add_number=&#8221;true&#8221; heading=&#8221;Mission&#8221; text=&#8221;V\u00e5rt uppdrag \u00e4r att \u00f6ka medvetenheten, f\u00f6respr\u00e5ka r\u00e4ttigheter och tillhandah\u00e5lla n\u00f6dv\u00e4ndiga resurser f\u00f6r personer med s\u00e4rskilda behov. Vi str\u00e4var efter att skapa ett inkluderande samh\u00e4lle som fr\u00e4mjar sj\u00e4lvst\u00e4ndighet, delaktighet och \u00f6vergripande v\u00e4lbefinnande f\u00f6r personer med s\u00e4rskilda behov.&#8221; icon_number=&#8221;2&#8243;][gt3_spacing height=&#8221;65px&#8221;][\/vc_column_inner][vc_column_inner width=&#8221;1\/4&#8243; css=&#8221;.vc_custom_1508743073653{padding-right: 30px !important;padding-left: 30px !important;}&#8221;][gt3_icon_box icon_type=&#8221;image&#8221; thumbnail=&#8221;15172&#8243; icon_position=&#8221;top&#8221; css_animation=&#8221;bottom-to-top&#8221; icon_size=&#8221;large&#8221; title_tag=&#8221;h6&#8243; iconbox_title_size=&#8221;20&#8243; iconbox_content_size=&#8221;16&#8243; title_color=&#8221;#334e6f&#8221; text_color=&#8221;#8995a2&#8243; link_color=&#8221;#5ec0d5&#8243; link_hover_color=&#8221;#000000&#8243; new_tab=&#8221;&#8221; icon_circle=&#8221;&#8221; icon_add_number=&#8221;true&#8221; heading=&#8221;Vision&#8221; text=&#8221;V\u00e5r vision \u00e4r ett inkluderande samh\u00e4lle d\u00e4r individer med s\u00e4rskilda behov accepteras och hyllas. Vi str\u00e4var efter att sprida denna vision \u00f6ver Sk\u00e5ne och hela Sverige. Vi str\u00e4var efter ett samh\u00e4lle som v\u00e4rdes\u00e4tter m\u00e5ngfald, ger lika m\u00f6jligheter och st\u00f6d f\u00f6r alla, och d\u00e4rigenom fr\u00e4mjar ett samh\u00e4lle d\u00e4r alla individer v\u00e4rdes\u00e4tts och st\u00e4rks.&#8221; icon_number=&#8221;3&#8243;][gt3_spacing height=&#8221;65px&#8221;][\/vc_column_inner][vc_column_inner width=&#8221;1\/4&#8243;][gt3_icon_box icon_type=&#8221;image&#8221; thumbnail=&#8221;15173&#8243; icon_position=&#8221;top&#8221; icon_size=&#8221;large&#8221; title_tag=&#8221;h6&#8243; iconbox_title_size=&#8221;20&#8243; title_color=&#8221;#334e6f&#8221; text_color=&#8221;#8995a2&#8243; link_color=&#8221;#28b8dc&#8221; link_hover_color=&#8221;#334e6f&#8221; new_tab=&#8221;&#8221; icon_circle=&#8221;&#8221; icon_add_number=&#8221;true&#8221; icon_number=&#8221;4&#8243; heading=&#8221;Where we are from target&#8221; text=&#8221;V\u00e5r f\u00f6rening \u00e4r baserad i Helsingborg, d\u00e4r vi arbetar n\u00e4ra lokala organisationer, myndigheter och samh\u00e4llsmedborgare. V\u00e5rt yttersta m\u00e5l \u00e4r att utvidga v\u00e5r p\u00e5verkan utanf\u00f6r Helsingborg, n\u00e5 \u00f6ver Sk\u00e5neregionen och s\u00e5 sm\u00e5ningom hela Sverige.&#8221;][\/vc_column_inner][\/vc_row_inner][\/vc_column][\/vc_row][vc_row full_width=&#8221;stretch_row_content&#8221; css=&#8221;.vc_custom_1689988241044{background-color: #ffffff !important;}&#8221;][vc_column][vc_tta_tour active_section=&#8221;1&#8243; css=&#8221;.vc_custom_1689988269854{padding-right: 50px !important;padding-left: 50px !important;}&#8221;][vc_tta_section i_icon_fontawesome=&#8221;fas fa-question-circle&#8221; add_icon=&#8221;true&#8221; title=&#8221;Vad beh\u00f6ver vi?&#8221; tab_id=&#8221;1689471547810-a88ee196-beae&#8221;][vc_column_text]Vi v\u00e4lkomnar samarbeten med individer, organisationer, f\u00f6retag och volont\u00e4rer som \u00e4r i linje med v\u00e5rt uppdrag. Ekonomiska bidrag \u00e4r ocks\u00e5 viktiga f\u00f6r att vi ska kunna ut\u00f6ka v\u00e5ra tj\u00e4nster och utveckla v\u00e4rdefulla resurser. St\u00f6d fr\u00e5n f\u00f6reningar och familjer \u00e4r avg\u00f6rande n\u00e4r vi str\u00e4var efter att skapa ett inkluderande samh\u00e4lle.[\/vc_column_text][\/vc_tta_section][vc_tta_section i_icon_fontawesome=&#8221;fas fa-bullseye&#8221; add_icon=&#8221;true&#8221; title=&#8221;Uppdrag&#8221; tab_id=&#8221;1689471547811-d2adfed1-42e7&#8243;][vc_column_text]V\u00e5rt uppdrag \u00e4r att \u00f6ka medvetenheten, f\u00f6respr\u00e5ka r\u00e4ttigheter och tillhandah\u00e5lla n\u00f6dv\u00e4ndiga resurser f\u00f6r personer med s\u00e4rskilda behov. Vi str\u00e4var efter att skapa ett inkluderande samh\u00e4lle som fr\u00e4mjar sj\u00e4lvst\u00e4ndighet, delaktighet och \u00f6vergripande v\u00e4lbefinnande f\u00f6r personer med s\u00e4rskilda behov.[\/vc_column_text][\/vc_tta_section][vc_tta_section i_icon_fontawesome=&#8221;far fa-eye&#8221; add_icon=&#8221;true&#8221; title=&#8221;Vision&#8221; tab_id=&#8221;1689471703270-043ecc3a-f06e&#8221;][vc_column_text]V\u00e5r vision \u00e4r ett inkluderande samh\u00e4lle d\u00e4r personer med s\u00e4rskilda behov accepteras och hyllas. Vi str\u00e4var efter att sprida denna vision \u00f6ver Sk\u00e5ne och hela Sverige. Vi str\u00e4var efter ett samh\u00e4lle som v\u00e4rdes\u00e4tter m\u00e5ngfald, ger alla lika m\u00f6jligheter och st\u00f6d och d\u00e4rigenom fr\u00e4mjar ett samh\u00e4lle d\u00e4r alla individer v\u00e4rdes\u00e4tts och ges m\u00f6jlighet att p\u00e5verka.[\/vc_column_text][\/vc_tta_section][vc_tta_section i_icon_fontawesome=&#8221;fas fa-globe&#8221; add_icon=&#8221;true&#8221; title=&#8221;Var vi befinner oss &amp; M\u00e5l&#8221; tab_id=&#8221;1689471828602-def0c9d8-6e2f&#8221;][vc_column_text]V\u00e5r f\u00f6rening \u00e4r baserad i Helsingborg, d\u00e4r vi har ett n\u00e4ra samarbete med lokala organisationer, myndigheter och samh\u00e4llsmedborgare. V\u00e5rt yttersta m\u00e5l \u00e4r att utvidga v\u00e5r p\u00e5verkan utanf\u00f6r Helsingborg och n\u00e5 ut till hela Sk\u00e5neregionen och s\u00e5 sm\u00e5ningom hela Sverige.[\/vc_column_text][\/vc_tta_section][\/vc_tta_tour][gt3_spacing height=&#8221;50px&#8221;][\/vc_column][\/vc_row][vc_row full_width=&#8221;stretch_row&#8221; css=&#8221;.vc_custom_1508752514274{margin-top: 0px !important;margin-bottom: 0px !important;border-top-width: 1px !important;border-right-width: 0px !important;border-bottom-width: 1px !important;border-left-width: 0px !important;padding-top: 0px !important;padding-bottom: 0px !important;background-color: #f9f9f9 !important;border-left-color: #f0f0f0 !important;border-left-style: solid !important;border-right-color: #f0f0f0 !important;border-right-style: solid !important;border-top-color: #f0f0f0 !important;border-top-style: solid !important;border-bottom-color: #f0f0f0 !important;border-bottom-style: solid !important;}&#8221;][vc_column css=&#8221;.vc_custom_1508752548414{margin-top: 0px !important;margin-bottom: 0px !important;padding-top: 0px !important;padding-bottom: 0px !important;}&#8221;][vc_row_inner][vc_column_inner css=&#8221;.vc_custom_1508752620102{margin-bottom: 0px !important;}&#8221;][vc_custom_heading text=&#8221;Vad g\u00f6r vi?&#8221; font_container=&#8221;tag:h2|text_align:center&#8221;][\/vc_column_inner][vc_column_inner][\/vc_column_inner][\/vc_row_inner][vc_row_inner][vc_column_inner width=&#8221;1\/3&#8243; css=&#8221;.vc_custom_1508752620102{margin-bottom: 0px !important;}&#8221;][gt3_icon_box icon_type=&#8221;image&#8221; thumbnail=&#8221;15250&#8243; icon_position=&#8221;inline_title&#8221; icon_size=&#8221;custom&#8221; custom_icon_size=&#8221;50&#8243; title_tag=&#8221;h3&#8243; title_color=&#8221;#334e6f&#8221; text_color=&#8221;#8995a2&#8243; link_color=&#8221;#28b8dc&#8221; link_hover_color=&#8221;#334e6f&#8221; new_tab=&#8221;&#8221; icon_circle=&#8221;&#8221; icon_add_number=&#8221;&#8221; heading=&#8221;Raise Awareness&#8221; text=&#8221;Vi arbetar flitigt f\u00f6r att \u00f6ka medvetenheten om funktionsneds\u00e4ttningar i v\u00e5rt samh\u00e4lle.&#8221;][vc_empty_space][vc_empty_space][\/vc_column_inner][vc_column_inner width=&#8221;1\/3&#8243;][gt3_icon_box icon_type=&#8221;image&#8221; thumbnail=&#8221;15251&#8243; icon_position=&#8221;inline_title&#8221; icon_size=&#8221;custom&#8221; custom_icon_size=&#8221;50&#8243; title_tag=&#8221;h3&#8243; title_color=&#8221;#334e6f&#8221; text_color=&#8221;#8995a2&#8243; link_color=&#8221;#28b8dc&#8221; link_hover_color=&#8221;#334e6f&#8221; new_tab=&#8221;&#8221; icon_circle=&#8221;&#8221; icon_add_number=&#8221;&#8221; heading=&#8221;Support Network&#8221; text=&#8221;Vi tillhandah\u00e5ller ett st\u00f6dn\u00e4tverk f\u00f6r personer med s\u00e4rskilda behov och deras familjer, med m\u00e5let att g\u00f6ra det enklare att hantera komplexa funktionshinder.&#8221;][vc_empty_space][\/vc_column_inner][vc_column_inner width=&#8221;1\/3&#8243;][gt3_icon_box icon_type=&#8221;image&#8221; thumbnail=&#8221;15252&#8243; icon_position=&#8221;inline_title&#8221; icon_size=&#8221;custom&#8221; custom_icon_size=&#8221;50&#8243; title_tag=&#8221;h3&#8243; title_color=&#8221;#334e6f&#8221; text_color=&#8221;#8995a2&#8243; link_color=&#8221;#28b8dc&#8221; link_hover_color=&#8221;#334e6f&#8221; new_tab=&#8221;&#8221; icon_circle=&#8221;&#8221; icon_add_number=&#8221;&#8221; heading=&#8221;Resources &amp;Services&#8221; text=&#8221;Genom v\u00e5r webbplats och v\u00e5ra initiativ tillhandah\u00e5ller vi v\u00e4rdefull information, resurser och tillg\u00e5ng till tj\u00e4nster som fr\u00e4mjar sj\u00e4lvst\u00e4ndighet och integration.&#8221;][\/vc_column_inner][\/vc_row_inner][vc_row_inner][vc_column_inner width=&#8221;1\/3&#8243; css=&#8221;.vc_custom_1508752620102{margin-bottom: 0px !important;}&#8221;][gt3_icon_box icon_type=&#8221;image&#8221; thumbnail=&#8221;15253&#8243; icon_position=&#8221;inline_title&#8221; icon_size=&#8221;custom&#8221; custom_icon_size=&#8221;50&#8243; title_tag=&#8221;h3&#8243; title_color=&#8221;#334e6f&#8221; text_color=&#8221;#8995a2&#8243; link_color=&#8221;#28b8dc&#8221; link_hover_color=&#8221;#334e6f&#8221; new_tab=&#8221;&#8221; icon_circle=&#8221;&#8221; icon_add_number=&#8221;&#8221; heading=&#8221;Community Building&#8221; text=&#8221;Vi skapar m\u00f6jligheter f\u00f6r kontakter och n\u00e4tverkande, vilket fr\u00e4mjar en k\u00e4nsla av tillh\u00f6righet i samh\u00e4llet.&#8221;][vc_empty_space][\/vc_column_inner][vc_column_inner width=&#8221;1\/3&#8243;][gt3_icon_box icon_type=&#8221;image&#8221; thumbnail=&#8221;15254&#8243; icon_position=&#8221;inline_title&#8221; icon_size=&#8221;custom&#8221; custom_icon_size=&#8221;50&#8243; title_tag=&#8221;h3&#8243; title_color=&#8221;#334e6f&#8221; text_color=&#8221;#8995a2&#8243; link_color=&#8221;#28b8dc&#8221; link_hover_color=&#8221;#334e6f&#8221; new_tab=&#8221;&#8221; icon_circle=&#8221;&#8221; icon_add_number=&#8221;&#8221; heading=&#8221;Advocacy&#8221; text=&#8221;Vi fr\u00e4mjar aktivt r\u00e4ttigheterna f\u00f6r personer med s\u00e4rskilda behov och str\u00e4var efter samh\u00e4llelig acceptans, respekt och j\u00e4mlikhet&#8221;][vc_empty_space][\/vc_column_inner][vc_column_inner width=&#8221;1\/3&#8243;][gt3_icon_box icon_type=&#8221;image&#8221; thumbnail=&#8221;15255&#8243; icon_position=&#8221;inline_title&#8221; icon_size=&#8221;custom&#8221; custom_icon_size=&#8221;50&#8243; title_tag=&#8221;h3&#8243; title_color=&#8221;#334e6f&#8221; text_color=&#8221;#8995a2&#8243; link_color=&#8221;#28b8dc&#8221; link_hover_color=&#8221;#334e6f&#8221; new_tab=&#8221;&#8221; icon_circle=&#8221;&#8221; icon_add_number=&#8221;&#8221; heading=&#8221;Association Info&#8221; text=&#8221;Vi samlar in och tillhandah\u00e5ller omfattande information om andra f\u00f6reningar i Helsingborg och Sk\u00e5neregionen. Detta inkluderar information om deras tj\u00e4nster, verksamhet och initiativ.&#8221;][vc_empty_space][\/vc_column_inner][\/vc_row_inner][vc_row_inner][vc_column_inner width=&#8221;1\/4&#8243; css=&#8221;.vc_custom_1508752620102{margin-bottom: 0px !important;}&#8221;][\/vc_column_inner][vc_column_inner width=&#8221;1\/2&#8243;][gt3_icon_box icon_type=&#8221;image&#8221; thumbnail=&#8221;15256&#8243; icon_position=&#8221;inline_title&#8221; icon_size=&#8221;custom&#8221; custom_icon_size=&#8221;50&#8243; title_tag=&#8221;h3&#8243; title_color=&#8221;#334e6f&#8221; text_color=&#8221;#8995a2&#8243; link_color=&#8221;#28b8dc&#8221; link_hover_color=&#8221;#334e6f&#8221; new_tab=&#8221;&#8221; icon_circle=&#8221;&#8221; icon_add_number=&#8221;&#8221; heading=&#8221;Local Activities and Locations&#8221; text=&#8221;Vi sammanst\u00e4ller och delar information om tillg\u00e4ngliga parker och fritidsaktiviteter i Helsingborg och n\u00e4rliggande omr\u00e5den, och erbjuder personer med s\u00e4rskilda behov och deras familjer en resurs f\u00f6r planering och engagemang.&#8221;][\/vc_column_inner][vc_column_inner width=&#8221;1\/4&#8243;][\/vc_column_inner][\/vc_row_inner][gt3_spacing height=&#8221;50px&#8221;][vc_message]<b><i>Anm\u00e4rkning om datainsamling:<\/i><\/b> <i><span style=\"font-weight: 400;\">All data vi samlar in kommer fr\u00e5n enskilda personer, vilket ger f\u00f6rstahandsupplevelser och insikter. Vi uppmanar alla att bes\u00f6ka de enskilda f\u00f6reningarnas webbplatser f\u00f6r mer detaljerad information om deras tj\u00e4nster.<\/span><\/i>[\/vc_message][\/vc_column][\/vc_row]\n<\/section>","protected":false},"excerpt":{"rendered":"<p>[vc_row full_width=&#8221;stretch_row&#8221; css=&#8221;.vc_custom_1689469278554{margin-top: -70px !important;background-color: #ffffff !important;}&#8221;][vc_column css=&#8221;.vc_custom_1508502007650{padding-top: 0px !important;}&#8221;][gt3_spacing height=&#8221;63px&#8221;][vc_column_text css=&#8221;.vc_custom_1689467356954{margin-bottom: 0px !important;}&#8221;] Vilka vi \u00e4r [\/vc_column_text][gt3_spacing height=&#8221;5px&#8221;][gt3_custom_text text_color=&#8221;&#8221; font_size=&#8221;18&#8243;] Mitt Speciella Barn is a non-profit association association based in Helsingborg, composed of passionate individuals dedicated to supporting individuals with special needs and their families. Our founder, Mohamed Askalani, was driven by personal experience [&hellip;]<\/p>\n","protected":false},"author":4,"featured_media":0,"parent":0,"menu_order":0,"comment_status":"closed","ping_status":"closed","template":"","meta":{"_mi_skip_tracking":false,"_monsterinsights_sitenote_active":false,"_monsterinsights_sitenote_note":"","_monsterinsights_sitenote_category":0},"_links":{"self":[{"href":"https:\/\/backup.mittspeciellabarn.se\/sv\/wp-json\/wp\/v2\/pages\/16315"}],"collection":[{"href":"https:\/\/backup.mittspeciellabarn.se\/sv\/wp-json\/wp\/v2\/pages"}],"about":[{"href":"https:\/\/backup.mittspeciellabarn.se\/sv\/wp-json\/wp\/v2\/types\/page"}],"author":[{"embeddable":true,"href":"https:\/\/backup.mittspeciellabarn.se\/sv\/wp-json\/wp\/v2\/users\/4"}],"replies":[{"embeddable":true,"href":"https:\/\/backup.mittspeciellabarn.se\/sv\/wp-json\/wp\/v2\/comments?post=16315"}],"version-history":[{"count":4,"href":"https:\/\/backup.mittspeciellabarn.se\/sv\/wp-json\/wp\/v2\/pages\/16315\/revisions"}],"predecessor-version":[{"id":16438,"href":"https:\/\/backup.mittspeciellabarn.se\/sv\/wp-json\/wp\/v2\/pages\/16315\/revisions\/16438"}],"wp:attachment":[{"href":"https:\/\/backup.mittspeciellabarn.se\/sv\/wp-json\/wp\/v2\/media?parent=16315"}],"curies":[{"name":"wp","href":"https:\/\/api.w.org\/{rel}","templated":true}]}}